{"id":4,"date":"2014-10-29T08:53:54","date_gmt":"2014-10-29T08:53:54","guid":{"rendered":"http:\/\/www.petergroeflin.ch\/?page_id=4"},"modified":"2026-01-06T19:16:33","modified_gmt":"2026-01-06T19:16:33","slug":"ueber-mich","status":"publish","type":"page","link":"https:\/\/www.petergroeflin.ch\/?page_id=4","title":{"rendered":"\u00dcber mich"},"content":{"rendered":"<p><a href=\"https:\/\/www.petergroeflin.ch\/wp-content\/uploads\/2024\/01\/IMG-20231225-WA0037-e1704225435826.jpg\"><img loading=\"lazy\" decoding=\"async\" class=\" wp-image-487\" src=\"https:\/\/www.petergroeflin.ch\/wp-content\/uploads\/2024\/01\/IMG-20231225-WA0037-e1704225435826-813x1024.jpg\" alt=\"Peter Gr\u00f6flin\" width=\"256\" height=\"323\" srcset=\"https:\/\/www.petergroeflin.ch\/wp-content\/uploads\/2024\/01\/IMG-20231225-WA0037-e1704225435826-813x1024.jpg 813w, https:\/\/www.petergroeflin.ch\/wp-content\/uploads\/2024\/01\/IMG-20231225-WA0037-e1704225435826-238x300.jpg 238w, https:\/\/www.petergroeflin.ch\/wp-content\/uploads\/2024\/01\/IMG-20231225-WA0037-e1704225435826-768x967.jpg 768w, https:\/\/www.petergroeflin.ch\/wp-content\/uploads\/2024\/01\/IMG-20231225-WA0037-e1704225435826-1220x1536.jpg 1220w, https:\/\/www.petergroeflin.ch\/wp-content\/uploads\/2024\/01\/IMG-20231225-WA0037-e1704225435826.jpg 1325w\" sizes=\"auto, (max-width: 256px) 100vw, 256px\" \/><\/a><\/p>\n<h3>Kurzsteckbrief von Peter Gr\u00f6flin<\/h3>\n<p>Ich bin verheiratet, Vater von drei jungen Erwachsenen und wohne in <a href=\"http:\/\/www.gelterkinden.ch\" target=\"_blank\" rel=\"noopener noreferrer\">Gelterkinden BL<\/a>. Beruflich besch\u00e4ftigte ich mich bei einer Versicherungsgesellschaft in Basel w\u00e4hrend Jahren mit versicherungstechnischen Fragestellungen von Pensionskassen. Bis im Herbst 2024 war ich danach w\u00e4hrend sieben Jahren in der Informatik im BI-\/DWH-Bereich t\u00e4tig. Nun befasse ich mich als Business Analyst wieder mit IT-Systemen der Beruflichen Vorsorge. F\u00fcr die <a title=\"EVP BL\" href=\"http:\/\/www.evp-bl.ch\/\" target=\"_blank\" rel=\"noopener noreferrer\">Evangelische Volkspartei EVP<\/a> war ich in verschiedenen Funktionen an meinem Wohnort und in der Kantonalpartei t\u00e4tig. Von\u00a02012-2016 arbeitete ich im Zentralvorstand der <a title=\"EVP Schweiz\" href=\"http:\/\/www.evppev.ch\/\" target=\"_blank\" rel=\"noopener noreferrer\">EVP Schweiz<\/a> mit. Bei den <a href=\"http:\/\/fb.me\/PeterGroeflin\">Gemeindewahlen 2020<\/a> wurde ich in den Gemeinderat (Exekutive) meiner Wohngemeinde Gelterkinden <a href=\"https:\/\/www.baselland.ch\/themen\/p\/politische-rechte\/wahlen\/wahlen-in-den-gemeinden\/gemeindewahlen2020\/pdf-gemeinderat\/gr-gelterkinden.pdf\/@@download\/file\/gr_gelterkinden.pdf\" target=\"_blank\" rel=\"noopener noreferrer\">gew\u00e4hlt<\/a>. Bis Mitte 2024 war ich in der Folge als Gemeinderat aktiv, dreieinhalb Jahre davon auch als Gemeindepr\u00e4sident. Zudem vertrat ich <a title=\"Kirchgemeinde\" href=\"https:\/\/www.ref-gelterkinden.ch\/\" target=\"_blank\" rel=\"noopener noreferrer\">die evangelisch-reformierte Kirchgemeinde Gelterkinden-Rickenbach-Tecknau<\/a> bis Ende 2022 w\u00e4hrend zehn Jahren in der <a href=\"https:\/\/refbl.ch\/de\/kirche\/unsere-kirche\/synode\" target=\"_blank\" rel=\"noopener\">Synode der Kantonalkirche<\/a> und nun wieder ab Mitte 2025. Von 2017 bis 2020 pr\u00e4sidierte ich die synodale Gesch\u00e4ftspr\u00fcfungskommission.\u00a0 In der Freizeit habe ich oft Musik um mich. Auch freue ich mich an einer Runde mit dem Bike, dem Rennvelo, den Langlaufskis oder den Joggingschuhen.<\/p>\n<p>&nbsp;<\/p>\n<h3><strong>Meine Kurzbiografie<\/strong><\/h3>\n<p>Spasseshalber beantworte ich manchmal die Frage, wo ich aufgewachsen bin, mit: In einem Heim. Das stimmt an und f\u00fcr sich. Der vielleicht erstaunte R\u00fcckschluss auf eine geheimnisvolle, meinem Umfeld bisher unbekannte Kindheit, ist aber falsch und zeigt, dass man mir nicht alles glauben darf.\u00a0Tats\u00e4chlich bin ich schon kurz nach meiner Geburt 1962 mit meinen Eltern und meinen beiden \u00e4lteren Schwestern in ein Heim gezogen. Meine Eltern leiteten von da an in Frenkendorf das M\u00e4nnerheim R\u00fcti (heute: R\u00fctihus \u2013 Wohnheim, Krisenstation). In dieser Zeit kam auch meine dritte Schwester zur Welt.<\/p>\n<p><strong>Fr\u00fcher Kontakt mit gesellschaftlichen Themen<\/strong><\/p>\n<p>Dieses und andere Engagements meiner Eltern im sozialen, politischen und allgemein gesellschaftlichen Bereich haben mich mitgepr\u00e4gt und auch gezeigt, dass sich vieles ver\u00e4ndern l\u00e4sst, wenn man hinschaut und auch zupackt.\u00a0Nach meiner Schulzeit in Gelterkinden und der abgeschlossenen Tiefbauzeichnerlehre in Liestal folgte ein Ausstieg aus der technischen Welt. Beim <a title=\"Blaues Kreuz Kinder- und Jugendwerk\" href=\"http:\/\/www.blueworld.ch\/de\/was_wir_tun.aspx\" target=\"_blank\" rel=\"noopener noreferrer\">Kinder- und Jugendwerk des Blauen Kreuzes BL<\/a> habe ich mich in einem einj\u00e4hrigen Sozialpraktikum vollzeitlich mit der Jugendarbeit besch\u00e4ftigt. Eine intensive und interessante Zeit, die mir aber auch zeigte, dass ich meinen urspr\u00fcnglichen Berufswunsch \u2013 Bauingenieur \u2013 weiterverfolgen wollte. Von da an pr\u00e4gen verschiedene ehrenamtliche T\u00e4tigkeiten in der Jugendarbeit des Blauen Kreuzes, sp\u00e4ter auch in der politischen Gemeinde und der <a title=\"Kirchgemeinde\" href=\"https:\/\/www.ref-gelterkinden.ch\/\" target=\"_blank\" rel=\"noopener noreferrer\">reformierten Kirchgemeinde in Gelterkinden<\/a> meine Freizeit.<\/p>\n<p>Nach dem Abschluss meines Bauingenieurstudiums HTL an der Ingenieurschule beider Basel in Muttenz wechselte ich 1987 zu einer Versicherungsgesellschaft in Basel und befasste mich w\u00e4hrend vieler Jahre in der Pensionskassenwelt der beruflichen Vorsorge mit versicherungstechnischen Fragen, Texten, Datenauswertungen und Berechnungen. Bis im Herbst 2024 war ich beim gleichen Arbeitgeber w\u00e4hrend sieben Jahren in der Informatik t\u00e4tig und darf mich nun seit Dezember 2022 Certified Professional for Requirements Engineering nennen. Nun bin ich nach einem weiteren internen Wechsel als Business Analyst Systeme &amp; Benutzersupport Kollektiv-Leben wieder in meinem langj\u00e4hrigen Fachgebiet der Beruflichen Vorsorge t\u00e4tig.<\/p>\n<p><strong>Meine Familie und die Politik<\/strong><\/p>\n<p>Seit 1986 bin ich gl\u00fccklich mit Erika verheiratet. In den Jahren 1990 bis 1997 hat sich unsere Familie um zwei T\u00f6chter und einen Sohn vergr\u00f6ssert. Unsere Kinder bereiten uns viel Freude. Sie lassen uns aber auch immer wieder praktisch miterleben, welche Fragestellung, Probleme und Herausforderung junge Menschen in der Schweiz \u2013 manchmal auch mit Hilfe der Eltern &#8211; bew\u00e4ltigen m\u00fcssen.\u00a0Die Politik hat mich schon in meiner Schulzeit interessiert. Erinnerungen an angeregte Diskussionen mit dem parteipolitisch sehr aktiven Staatskundelehrer lassen mich schmunzeln. In den letzten rund 25 Jahren war ich in verschiedenen Funktionen f\u00fcr die <a title=\"EVP BL\" href=\"http:\/\/www.evp-bl.ch\/\" target=\"_blank\" rel=\"noopener noreferrer\">Evangelische Volkspartei EVP<\/a> im Wahlkreis Gelterkinden und im Kanton Baselland aktiv.\u00a0F\u00fcr vier Jahre\u00a0geh\u00f6rte ich auch dem Zentralvorstand der <a title=\"EVP Schweiz\" href=\"http:\/\/www.evppev.ch\/\" target=\"_blank\" rel=\"noopener noreferrer\">EVP Schweiz<\/a> an. Bei den <a href=\"http:\/\/fb.me\/PeterGroeflin\">Gemeindewahlen 2020<\/a> wurde ich in den Gemeinderat (Exekutive) meiner Wohngemeinde Gelterkinden <a href=\"https:\/\/www.baselland.ch\/themen\/p\/politische-rechte\/wahlen\/wahlen-in-den-gemeinden\/gemeindewahlen2020\/pdf-gemeinderat\/gr-gelterkinden.pdf\/@@download\/file\/gr_gelterkinden.pdf\" target=\"_blank\" rel=\"noopener noreferrer\">gew\u00e4hlt<\/a>. Dort war ich ab dem 01.07.2020 f\u00fcr die <a href=\"https:\/\/www.gelterkinden.ch\/de\/politik-und-verwaltung\/politik\/gemeinderat.php\" target=\"_blank\" rel=\"noopener noreferrer\">Ressorts Wasser, Kanalisation, Strassen, Umweltschutz\/Naturschutz\/Energie und Personal F\u00fchrung<\/a> verantwortlich. Seit dem 01.01.2021 amtete ich als Gemeindepr\u00e4sident. Bei den Gemeindewahlen f\u00fcr die Amtsperiode 2024-2028 trat ich nicht mehr zur Wahl an. Nachdem ich bereits als Gemeinderat von Amtes wegen vier Jahre die Interessen der Genossenschafter bei der <a href=\"https:\/\/www.ebl.ch\/de\/\" target=\"_blank\" rel=\"noopener\">EBL (Genossenschaft Elektra Baselland)<\/a> vertrat, bin ich nun seit 2026 in der selben Funktion als einer der neun gew\u00e4hlten Delegierten des Wahlkreises Gelterkinden dort aktiv.<\/p>\n<p>Eine lebendige Kirchgemeinde ist mir wichtig. W\u00e4hrend sechs Jahren habe ich mich in der Kirchenpflege der <a title=\"Kirchgemeinde\" href=\"http:\/\/www.ref.ch\/gelterkinden\" target=\"_blank\" rel=\"noopener noreferrer\">evangelisch-reformierten Kirchgemeinde Gelterkinden-Rickenbach-Tecknau<\/a> mit der \u00d6ffentlichkeitsarbeit besch\u00e4ftigt. Bis Ende 2022 vertrat ich unsere Kirchgemeinde w\u00e4hrend zehn Jahren in der <a title=\"Synode\" href=\"https:\/\/refbl.ch\/de\/kirche\/unsere-kirche\/synode\" target=\"_blank\" rel=\"noopener noreferrer\">Synode der Kantonalkirche und nun wieder ab Mitte 2025.<\/a> Von 2017 bis 2020 pr\u00e4sidierte ich deren Gesch\u00e4ftspr\u00fcfungskommission.<\/p>\n<p><strong>\u00dcber Konzerte\u00a0und Joggingschuhe<\/strong><\/p>\n<p>Musik hat mich \u00fcber all die Jahre immer begleitet. Am liebsten bin ich selber aktiv, einige Jahre als S\u00e4nger im <a href=\"http:\/\/www.reformierter-kirchenchor-gelterkinden.ch\/\" target=\"_blank\" rel=\"noopener noreferrer\">Kirchenchor<\/a> oder als Blechbl\u00e4ser &#8211; von Cornet bis Tuba &#8211; in verschiedenen <a href=\"https:\/\/www.celebrationbrass.ch\/\" target=\"_blank\" rel=\"noopener noreferrer\">Formationen<\/a>. Konzerte von Klassik bis Rock k\u00f6nnen mich begeistern. Gerne n\u00fctze ich die Gelegenheiten dazu in Gelterkinden im <a title=\"Marabu\" href=\"http:\/\/www.marabu-bl.ch\/page.asp?DH=1\" target=\"_blank\" rel=\"noopener noreferrer\">Kulturraum Marabu<\/a>. Hier lassen sich immer wieder bekannte Musiker, Kabarettisten und andere interessante Menschen h\u00f6ren, sehen und treffen. Die Freude an der Bewegung hat mich mit dem Velo schon \u00fcber manchen Alpenpass, auf den Langlaufskis durch sch\u00f6ne verschneite T\u00e4ler und in den Joggingschuhen an den Start (und ins Ziel) zahlreicher Volksl\u00e4ufe gef\u00fchrt.<\/p>\n","protected":false},"excerpt":{"rendered":"<p>Kurzsteckbrief von Peter Gr\u00f6flin Ich bin verheiratet, Vater von drei jungen Erwachsenen und wohne in Gelterkinden BL. Beruflich besch\u00e4ftigte ich mich bei einer Versicherungsgesellschaft in Basel w\u00e4hrend Jahren mit versicherungstechnischen Fragestellungen von Pensionskassen. Bis im Herbst 2024 war ich danach w\u00e4hrend sieben Jahren in der Informatik im BI-\/DWH-Bereich t\u00e4tig. Nun befasse ich mich als Business [&hellip;]<\/p>\n","protected":false},"author":1,"featured_media":0,"parent":0,"menu_order":0,"comment_status":"closed","ping_status":"closed","template":"","meta":{"footnotes":""},"class_list":["post-4","page","type-page","status-publish","hentry"],"_links":{"self":[{"href":"https:\/\/www.petergroeflin.ch\/index.php?rest_route=\/wp\/v2\/pages\/4","targetHints":{"allow":["GET"]}}],"collection":[{"href":"https:\/\/www.petergroeflin.ch\/index.php?rest_route=\/wp\/v2\/pages"}],"about":[{"href":"https:\/\/www.petergroeflin.ch\/index.php?rest_route=\/wp\/v2\/types\/page"}],"author":[{"embeddable":true,"href":"https:\/\/www.petergroeflin.ch\/index.php?rest_route=\/wp\/v2\/users\/1"}],"replies":[{"embeddable":true,"href":"https:\/\/www.petergroeflin.ch\/index.php?rest_route=%2Fwp%2Fv2%2Fcomments&post=4"}],"version-history":[{"count":51,"href":"https:\/\/www.petergroeflin.ch\/index.php?rest_route=\/wp\/v2\/pages\/4\/revisions"}],"predecessor-version":[{"id":520,"href":"https:\/\/www.petergroeflin.ch\/index.php?rest_route=\/wp\/v2\/pages\/4\/revisions\/520"}],"wp:attachment":[{"href":"https:\/\/www.petergroeflin.ch\/index.php?rest_route=%2Fwp%2Fv2%2Fmedia&parent=4"}],"curies":[{"name":"wp","href":"https:\/\/api.w.org\/{rel}","templated":true}]}}